{"id":95,"date":"2025-03-31T08:54:36","date_gmt":"2025-03-31T06:54:36","guid":{"rendered":"https:\/\/seminariumwsl.pl\/?page_id=95"},"modified":"2026-02-08T10:45:12","modified_gmt":"2026-02-08T09:45:12","slug":"prelegenci","status":"publish","type":"page","link":"https:\/\/seminariumwsl.pl\/?page_id=95","title":{"rendered":"Prelegenci"},"content":{"rendered":"\n<figure class=\"wp-block-table\"><table class=\"has-fixed-layout\"><tbody><tr><td class=\"has-text-align-center\" data-align=\"center\" rowspan=\"3\">&nbsp;<img loading=\"lazy\" decoding=\"async\" width=\"300\" height=\"299\" class=\"wp-image-206\" style=\"width: 300px;\" src=\"https:\/\/seminariumwsl.pl\/wp-content\/uploads\/2026\/02\/B_Szyszko_photo.png\" alt=\"\" srcset=\"https:\/\/seminariumwsl.pl\/wp-content\/uploads\/2026\/02\/B_Szyszko_photo.png 2362w, https:\/\/seminariumwsl.pl\/wp-content\/uploads\/2026\/02\/B_Szyszko_photo-300x300.png 300w, https:\/\/seminariumwsl.pl\/wp-content\/uploads\/2026\/02\/B_Szyszko_photo-1024x1022.png 1024w, https:\/\/seminariumwsl.pl\/wp-content\/uploads\/2026\/02\/B_Szyszko_photo-150x150.png 150w, https:\/\/seminariumwsl.pl\/wp-content\/uploads\/2026\/02\/B_Szyszko_photo-768x766.png 768w, https:\/\/seminariumwsl.pl\/wp-content\/uploads\/2026\/02\/B_Szyszko_photo-1536x1533.png 1536w, https:\/\/seminariumwsl.pl\/wp-content\/uploads\/2026\/02\/B_Szyszko_photo-2048x2044.png 2048w\" sizes=\"auto, (max-width: 300px) 100vw, 300px\" \/><\/td><td><strong><strong>dr hab. Bartosz Szyszko, prof. UWr<\/strong><\/strong><\/td><\/tr><tr><td class=\"has-text-align-center\" data-align=\"center\"><strong><strong>Pyrrole-based macrocycles, mechanically interlocked molecules and cages: dynamics, tautomerism, chirality, and Luminescence<\/strong><\/strong><br><a href=\"https:\/\/seminariumwsl.pl\/wp-content\/uploads\/2026\/02\/Szyszko_abstract.pdf\" data-type=\"link\" data-id=\"https:\/\/seminariumwsl.pl\/wp-content\/uploads\/2026\/02\/Szyszko_abstract.pdf\" target=\"_blank\" rel=\"noreferrer noopener\">Abstract<\/a><br><\/td><\/tr><tr><td class=\"has-text-align-center\" data-align=\"center\"><strong>Bartosz Szyszko<\/strong>&nbsp;jest pracownikiem badawczo-dydaktycznym&nbsp;Uniwersytetu Wroc\u0142awskiego, specjalizuj\u0105cym si\u0119 w chemii organicznej i supramolekularnej. Jego badania koncentruj\u0105 si\u0119 na projektowaniu i syntezie z\u0142o\u017conych struktur molekularnych, takich jak makrocykle, klatki molekularne oraz uk\u0142ady zablokowane mechanicznie, w tym rotaksany, w\u0119z\u0142y i sploty.<br>Studia magisterskie z zakresu chemii biologicznej i organicznej uko\u0144czy\u0142 na Wydziale Chemii&nbsp;<strong>Uniwersytetu Wroc\u0142awskiego<\/strong>, gdzie w 2014 roku obroni\u0142 rozpraw\u0119 doktorsk\u0105 po\u015bwi\u0119con\u0105 syntezie i reaktywno\u015bci acenoporfirynoid\u00f3w, przygotowan\u0105 pod kierunkiem prof. dr. hab. Lechos\u0142awa Latos-Gra\u017cy\u0144skiego. Po uzyskaniu stopnia doktora odby\u0142 sta\u017c podoktorski na&nbsp;University of Cambridge, pracuj\u0105c w zespole prof. Jonathana R. Nitschke\u2019a nad samoorganizacj\u0105 klatek molekularnych z wykorzystaniem metody samoasocjacji subkomponent\u00f3w. W 2021 roku uzyska\u0142 stopie\u0144 doktora habilitowanego i od tego samego roku kieruje Zespo\u0142em Organicznej Chemii Supramolekularnej na Wydziale Chemii&nbsp;<strong>Uniwersytetu Wroc\u0142awskiego<\/strong>. Od 2023 roku jest profesorem&nbsp;<strong>UWr<\/strong>, a w latach 2020\u20132024 pe\u0142ni\u0142 funkcj\u0119 prodziekana ds. og\u00f3lnych Wydzia\u0142u Chemii. Jest autorem i wsp\u00f3\u0142autorem publikacji w wiod\u0105cych mi\u0119dzynarodowych czasopismach naukowych oraz kierownikiem projekt\u00f3w badawczych finansowanych przez Narodowe Centrum Nauki, w tym grant\u00f3w OPUS, SONATA BIS, SONATA i PRELUDIUM BIS. Jego dorobek naukowy zosta\u0142 uhonorowany licznymi nagrodami i wyr\u00f3\u017cnieniami, m.in. Nagrod\u0105 NCN w dziedzinie nauk \u015bcis\u0142ych i technicznych, Nagrod\u0105 im. W. Ko\u0142osa, wyr\u00f3\u017cnieniem&nbsp;<em>Iuvenes Wratislaviae<\/em>, stypendium START Fundacji na rzecz Nauki Polskiej oraz Stypendium dla M\u0142odych Wybitnych Naukowc\u00f3w. Jest cz\u0142onkiem Akademii M\u0142odych Uczonych Polskiej Akademii Nauk.<\/td><\/tr><\/tbody><\/table><\/figure>\n\n\n\n<figure class=\"wp-block-table\"><table class=\"has-fixed-layout\"><tbody><tr><td class=\"has-text-align-center\" data-align=\"center\" rowspan=\"3\">&nbsp;<img loading=\"lazy\" decoding=\"async\" width=\"300\" height=\"319\" class=\"wp-image-191\" style=\"width: 300px;\" src=\"https:\/\/seminariumwsl.pl\/wp-content\/uploads\/2026\/02\/Chaika-cut.jpg\" alt=\"\" srcset=\"https:\/\/seminariumwsl.pl\/wp-content\/uploads\/2026\/02\/Chaika-cut.jpg 1728w, https:\/\/seminariumwsl.pl\/wp-content\/uploads\/2026\/02\/Chaika-cut-282x300.jpg 282w, https:\/\/seminariumwsl.pl\/wp-content\/uploads\/2026\/02\/Chaika-cut-962x1024.jpg 962w, https:\/\/seminariumwsl.pl\/wp-content\/uploads\/2026\/02\/Chaika-cut-768x817.jpg 768w, https:\/\/seminariumwsl.pl\/wp-content\/uploads\/2026\/02\/Chaika-cut-1443x1536.jpg 1443w\" sizes=\"auto, (max-width: 300px) 100vw, 300px\" \/><\/td><td><strong><strong>Dr Mykhailo Chaika<\/strong><\/strong><\/td><\/tr><tr><td class=\"has-text-align-center\" data-align=\"center\"><strong><strong>Rola pomiar\u00f3w luminescencyjnych w badaniach spiekania ceramik Cr<sup>4+<\/sup>:YAG<\/strong><br><a href=\"https:\/\/seminariumwsl.pl\/wp-content\/uploads\/2026\/02\/Abstract_Chaika.pdf\" data-type=\"attachment\" data-id=\"115\" target=\"_blank\" rel=\"noreferrer noopener\">Abstract<\/a><\/strong><\/td><\/tr><tr><td class=\"has-text-align-center\" data-align=\"center\">Mykhailo Chaika jest adiunktem w Zak\u0142adzie Spektroskopii Optycznej w Instytucie Niskich Temperatur i Bada\u0144 Strukturalnych Polskiej Akademii Nauk we Wroc\u0142awiu. Jego dzia\u0142alno\u015b\u0107 naukowa koncentruje si\u0119 na opracowywaniu przezroczystych materia\u0142\u00f3w ceramicznych i monokryszta\u0142\u00f3w do zastosowa\u0144 fotonicznych i laserowych, ze szczeg\u00f3lnym uwzgl\u0119dnieniem spektroskopii cia\u0142a sta\u0142ego, zjawisk luminescencyjnych oraz zale\u017cno\u015bci struktura\u2013w\u0142a\u015bciwo\u015bci w granatach domieszkowanych chromem.<br>Dr Chaika posiada dwa stopnie doktora: jeden z fizyki, uzyskany w Instytucie Niskich Temperatur i Bada\u0144 Strukturalnych Polskiej Akademii Nauk (2022), oraz drugi w dziedzin\u0119 in\u017cynieria materia\u0142owa, uzyskany w Instytucie Monokryszta\u0142\u00f3w Narodowej Akademii Nauk Ukrainy (2020). By\u0142 kierownikiem dw\u00f3ch projekt\u00f3w badawczych NCN (Preludium oraz OPUS). Jako pracownik Graphene Energy Sp. z o.o. uczestniczy w kilku projektach europejskich, w tym Horizon Europe, MSCA oraz EDF. Jest autorem ponad 50 publikacji oraz wynalazc\u0105 opatentowanej technologii syntezy ceramiki przezroczystej Cr4+:YAG.<br>Najwa\u017cniejsze osi\u0105gni\u0119cia naukowe dr. Chaiki zwi\u0105zane s\u0105 ze spiekaniem przezroczystych ceramik oraz badaniami ich w\u0142a\u015bciwo\u015bci optycznych. Syntetyzowano szerok\u0105 gam\u0119 przezroczystych ceramik Cr4+, Cr3+, Me2+:YAG (Me = Ca2+, Mg2+) oraz opublikowano seri\u0119 artyku\u0142\u00f3w po\u015bwi\u0119conych ich w\u0142a\u015bciwo\u015bciom strukturalnym, optycznym i spektroskopowym. Po raz pierwszy syntetyzowano przezroczyst\u0105 ceramik\u0119 Cr4+,Cr3+,Ca2+:YAG. Obecna praca naukowa koncentruje si\u0119 na badaniach wp\u0142ywu otoczenia lokalnego na w\u0142a\u015bciwo\u015bci luminescencyjne jon\u00f3w Cr3+ oraz Cr4+.<\/td><\/tr><\/tbody><\/table><\/figure>\n\n\n\n<figure class=\"wp-block-table\"><table class=\"has-fixed-layout\"><tbody><tr><td class=\"has-text-align-center\" data-align=\"center\" rowspan=\"3\">&nbsp;<img loading=\"lazy\" decoding=\"async\" width=\"300\" height=\"400\" class=\"wp-image-207\" style=\"width: 300px;\" src=\"https:\/\/seminariumwsl.pl\/wp-content\/uploads\/2026\/02\/Agata_Hajda_photo.jpeg\" alt=\"\" srcset=\"https:\/\/seminariumwsl.pl\/wp-content\/uploads\/2026\/02\/Agata_Hajda_photo.jpeg 1200w, https:\/\/seminariumwsl.pl\/wp-content\/uploads\/2026\/02\/Agata_Hajda_photo-225x300.jpeg 225w, https:\/\/seminariumwsl.pl\/wp-content\/uploads\/2026\/02\/Agata_Hajda_photo-768x1024.jpeg 768w, https:\/\/seminariumwsl.pl\/wp-content\/uploads\/2026\/02\/Agata_Hajda_photo-1152x1536.jpeg 1152w\" sizes=\"auto, (max-width: 300px) 100vw, 300px\" \/><\/td><td><strong>&nbsp;<\/strong> <strong><strong>mgr in\u017c. Agata Hajda<\/strong><\/strong><\/td><\/tr><tr><td class=\"has-text-align-center\" data-align=\"center\"><strong><strong>Nowe znaczniki fluorescencyjne dla zastosowa\u0144 w mikroskopii dwufotonowej ze szczeg\u00f3lnym uwzgl\u0119dnieniem wykrywania amyloid\u00f3w<\/strong><\/strong><br><a href=\"https:\/\/seminariumwsl.pl\/wp-content\/uploads\/2026\/02\/abstrakt_Agata_Hajda.pdf\" data-type=\"link\" data-id=\"https:\/\/seminariumwsl.pl\/wp-content\/uploads\/2026\/02\/abstrakt_Agata_Hajda.pdf\" target=\"_blank\" rel=\"noreferrer noopener\">Abstract<\/a><\/td><\/tr><tr><td class=\"has-text-align-center\" data-align=\"center\"><strong>Agata Hajda<\/strong> jest doktorantk\u0105 w Szkole Doktorskiej Politechniki Wroc\u0142awskiej w dyscyplinie nauki chemiczne. Swoj\u0105 prac\u0119 badawcz\u0105 realizuje w Instytucie Materia\u0142\u00f3w Zaawansowanych na Wydziale Chemicznym PWr pod opiek\u0105 prof. Joanny Olesiak-Ba\u0144skiej. Jej zainteresowania naukowe koncentruj\u0105 si\u0119 na fluoroforach do zastosowa\u0144 w mikroskopii wielofotonowej, takich jak nanoklastry metali szlachetnych oraz barwniki organiczne.<br>By\u0142a stypendystk\u0105 w projektach FNP First Team, NCN OPUS oraz NAWA POLONIUM, a niedawno uzyska\u0142a grant PRELUDIUM, na w\u0142asne badania pt. \u201eIn\u017cynieria powierzchni nanoklastr\u00f3w z\u0142ota emituj\u0105cych NIR do zastosowa\u0144 w bioobrazowaniu\u201d. Odby\u0142a sta\u017ce naukowe w renomowanych o\u015brodkach we Francji i we W\u0142oszech, m.in. w CNRS Lyon, Universit\u00e9 de Strasbourg oraz University of Verona.<\/td><\/tr><\/tbody><\/table><\/figure>\n\n\n\n<p><\/p>\n","protected":false},"excerpt":{"rendered":"<p>&nbsp; dr hab. Bartosz Szyszko, prof. UWr Pyrrole-based macrocycles, mechanically interlocked molecules and cages: dynamics, tautomerism, chirality, and LuminescenceAbstract Bartosz Szyszko&nbsp;jest pracownikiem badawczo-dydaktycznym&nbsp;Uniwersytetu Wroc\u0142awskiego, specjalizuj\u0105cym si\u0119 w chemii organicznej i supramolekularnej. Jego badania koncentruj\u0105 si\u0119 na projektowaniu i syntezie z\u0142o\u017conych struktur molekularnych, takich jak makrocykle, klatki molekularne oraz uk\u0142ady zablokowane mechanicznie, w tym rotaksany, w\u0119z\u0142y [&hellip;]<\/p>\n","protected":false},"author":1,"featured_media":0,"parent":0,"menu_order":0,"comment_status":"closed","ping_status":"closed","template":"","meta":{"pagelayer_contact_templates":[],"_pagelayer_content":"","footnotes":""},"class_list":["post-95","page","type-page","status-publish","hentry"],"_links":{"self":[{"href":"https:\/\/seminariumwsl.pl\/index.php?rest_route=\/wp\/v2\/pages\/95","targetHints":{"allow":["GET"]}}],"collection":[{"href":"https:\/\/seminariumwsl.pl\/index.php?rest_route=\/wp\/v2\/pages"}],"about":[{"href":"https:\/\/seminariumwsl.pl\/index.php?rest_route=\/wp\/v2\/types\/page"}],"author":[{"embeddable":true,"href":"https:\/\/seminariumwsl.pl\/index.php?rest_route=\/wp\/v2\/users\/1"}],"replies":[{"embeddable":true,"href":"https:\/\/seminariumwsl.pl\/index.php?rest_route=%2Fwp%2Fv2%2Fcomments&post=95"}],"version-history":[{"count":18,"href":"https:\/\/seminariumwsl.pl\/index.php?rest_route=\/wp\/v2\/pages\/95\/revisions"}],"predecessor-version":[{"id":212,"href":"https:\/\/seminariumwsl.pl\/index.php?rest_route=\/wp\/v2\/pages\/95\/revisions\/212"}],"wp:attachment":[{"href":"https:\/\/seminariumwsl.pl\/index.php?rest_route=%2Fwp%2Fv2%2Fmedia&parent=95"}],"curies":[{"name":"wp","href":"https:\/\/api.w.org\/{rel}","templated":true}]}}