{"id":82,"date":"2025-03-31T08:36:43","date_gmt":"2025-03-31T06:36:43","guid":{"rendered":"https:\/\/seminariumwsl.pl\/?page_id=82"},"modified":"2025-03-31T08:36:43","modified_gmt":"2025-03-31T06:36:43","slug":"oferty-pracy","status":"publish","type":"page","link":"https:\/\/seminariumwsl.pl\/?page_id=82","title":{"rendered":"Oferty pracy"},"content":{"rendered":"\n<p>Je\u015bli poszukujesz doktorant\u00f3w, student\u00f3w lub post-doc\u00f3w do swojego projektu naukowego, mo\u017cesz przes\u0142a\u0107 nam og\u0142oszenie. Wspieramy wymian\u0119 informacji i u\u0142atwiamy kontakt mi\u0119dzy naukowcami oraz instytucjami badawczymi. Twoje og\u0142oszenie mo\u017ce dotrze\u0107 do szerokiego grona os\u00f3b zainteresowanych tematyk\u0105 luminescencji i nauk pokrewnych.<\/p>\n\n\n\n<p>Aby doda\u0107 og\u0142oszenie o konferencji napisz do nas <a href=\"mailto:kontakt@seminariumwsl.pl\">kontakt@seminariumwsl.pl<\/a><\/p>\n","protected":false},"excerpt":{"rendered":"<p>Je\u015bli poszukujesz doktorant\u00f3w, student\u00f3w lub post-doc\u00f3w do swojego projektu naukowego, mo\u017cesz przes\u0142a\u0107 nam og\u0142oszenie. Wspieramy wymian\u0119 informacji i u\u0142atwiamy kontakt mi\u0119dzy naukowcami oraz instytucjami badawczymi. Twoje og\u0142oszenie mo\u017ce dotrze\u0107 do szerokiego grona os\u00f3b zainteresowanych tematyk\u0105 luminescencji i nauk pokrewnych. Aby doda\u0107 og\u0142oszenie o konferencji napisz do nas kontakt@seminariumwsl.pl<\/p>\n","protected":false},"author":1,"featured_media":0,"parent":0,"menu_order":0,"comment_status":"closed","ping_status":"closed","template":"","meta":{"pagelayer_contact_templates":[],"_pagelayer_content":"","footnotes":""},"class_list":["post-82","page","type-page","status-publish","hentry"],"_links":{"self":[{"href":"https:\/\/seminariumwsl.pl\/index.php?rest_route=\/wp\/v2\/pages\/82","targetHints":{"allow":["GET"]}}],"collection":[{"href":"https:\/\/seminariumwsl.pl\/index.php?rest_route=\/wp\/v2\/pages"}],"about":[{"href":"https:\/\/seminariumwsl.pl\/index.php?rest_route=\/wp\/v2\/types\/page"}],"author":[{"embeddable":true,"href":"https:\/\/seminariumwsl.pl\/index.php?rest_route=\/wp\/v2\/users\/1"}],"replies":[{"embeddable":true,"href":"https:\/\/seminariumwsl.pl\/index.php?rest_route=%2Fwp%2Fv2%2Fcomments&post=82"}],"version-history":[{"count":1,"href":"https:\/\/seminariumwsl.pl\/index.php?rest_route=\/wp\/v2\/pages\/82\/revisions"}],"predecessor-version":[{"id":83,"href":"https:\/\/seminariumwsl.pl\/index.php?rest_route=\/wp\/v2\/pages\/82\/revisions\/83"}],"wp:attachment":[{"href":"https:\/\/seminariumwsl.pl\/index.php?rest_route=%2Fwp%2Fv2%2Fmedia&parent=82"}],"curies":[{"name":"wp","href":"https:\/\/api.w.org\/{rel}","templated":true}]}}