{"id":79,"date":"2025-03-31T10:49:12","date_gmt":"2025-03-31T08:49:12","guid":{"rendered":"https:\/\/seminariumwsl.pl\/?page_id=79"},"modified":"2025-03-31T10:49:12","modified_gmt":"2025-03-31T08:49:12","slug":"konferencje","status":"publish","type":"page","link":"https:\/\/seminariumwsl.pl\/?page_id=79","title":{"rendered":"Konferencje"},"content":{"rendered":"\n<p>Zach\u0119camy do przesy\u0142ania informacji o ciekawych konferencjach naukowych zwi\u0105zanych z tematyk\u0105 luminescencji i pokrewnych dziedzin. Chcemy tworzy\u0107 przestrze\u0144 wymiany wiedzy i aktualnych wydarze\u0144, kt\u00f3re mog\u0105 zainteresowa\u0107 nasz\u0105 spo\u0142eczno\u015b\u0107. Je\u015bli organizujesz konferencj\u0119 lub chcesz podzieli\u0107 si\u0119 informacj\u0105 o nadchodz\u0105cym wydarzeniu, prze\u015blij nam szczeg\u00f3\u0142y, a my umie\u015bcimy je na naszej stronie.<\/p>\n\n\n\n<p>Aby doda\u0107 og\u0142oszenie o konferencji napisz do nas <a href=\"mailto:kontakt@seminariumwsl.pl\">kontakt@seminariumwsl.pl<\/a><\/p>\n\n\n\n<figure class=\"wp-block-image size-full\"><img loading=\"lazy\" decoding=\"async\" width=\"605\" height=\"386\" src=\"https:\/\/seminariumwsl.pl\/wp-content\/uploads\/2025\/03\/Konf.png\" alt=\"\" class=\"wp-image-80\" srcset=\"https:\/\/seminariumwsl.pl\/wp-content\/uploads\/2025\/03\/Konf.png 605w, https:\/\/seminariumwsl.pl\/wp-content\/uploads\/2025\/03\/Konf-300x191.png 300w\" sizes=\"auto, (max-width: 605px) 100vw, 605px\" \/><\/figure>\n","protected":false},"excerpt":{"rendered":"<p>Zach\u0119camy do przesy\u0142ania informacji o ciekawych konferencjach naukowych zwi\u0105zanych z tematyk\u0105 luminescencji i pokrewnych dziedzin. Chcemy tworzy\u0107 przestrze\u0144 wymiany wiedzy i aktualnych wydarze\u0144, kt\u00f3re mog\u0105 zainteresowa\u0107 nasz\u0105 spo\u0142eczno\u015b\u0107. Je\u015bli organizujesz konferencj\u0119 lub chcesz podzieli\u0107 si\u0119 informacj\u0105 o nadchodz\u0105cym wydarzeniu, prze\u015blij nam szczeg\u00f3\u0142y, a my umie\u015bcimy je na naszej stronie. Aby doda\u0107 og\u0142oszenie o konferencji napisz [&hellip;]<\/p>\n","protected":false},"author":1,"featured_media":0,"parent":0,"menu_order":0,"comment_status":"closed","ping_status":"closed","template":"","meta":{"pagelayer_contact_templates":[],"_pagelayer_content":"","footnotes":""},"class_list":["post-79","page","type-page","status-publish","hentry"],"_links":{"self":[{"href":"https:\/\/seminariumwsl.pl\/index.php?rest_route=\/wp\/v2\/pages\/79","targetHints":{"allow":["GET"]}}],"collection":[{"href":"https:\/\/seminariumwsl.pl\/index.php?rest_route=\/wp\/v2\/pages"}],"about":[{"href":"https:\/\/seminariumwsl.pl\/index.php?rest_route=\/wp\/v2\/types\/page"}],"author":[{"embeddable":true,"href":"https:\/\/seminariumwsl.pl\/index.php?rest_route=\/wp\/v2\/users\/1"}],"replies":[{"embeddable":true,"href":"https:\/\/seminariumwsl.pl\/index.php?rest_route=%2Fwp%2Fv2%2Fcomments&post=79"}],"version-history":[{"count":1,"href":"https:\/\/seminariumwsl.pl\/index.php?rest_route=\/wp\/v2\/pages\/79\/revisions"}],"predecessor-version":[{"id":81,"href":"https:\/\/seminariumwsl.pl\/index.php?rest_route=\/wp\/v2\/pages\/79\/revisions\/81"}],"wp:attachment":[{"href":"https:\/\/seminariumwsl.pl\/index.php?rest_route=%2Fwp%2Fv2%2Fmedia&parent=79"}],"curies":[{"name":"wp","href":"https:\/\/api.w.org\/{rel}","templated":true}]}}