{"id":64,"date":"2025-03-27T21:27:24","date_gmt":"2025-03-27T20:27:24","guid":{"rendered":"https:\/\/seminariumwsl.pl\/?page_id=64"},"modified":"2025-04-01T05:53:15","modified_gmt":"2025-04-01T03:53:15","slug":"idea","status":"publish","type":"page","link":"https:\/\/seminariumwsl.pl\/?page_id=64","title":{"rendered":"IDEA"},"content":{"rendered":"\n<p><strong>Wroc\u0142awskie Seminarium Luminescencyjne, WSL zosta\u0142o stworzone z my\u015bl\u0105 o wroc\u0142awskich naukowcach, specjalistach z zakresu spektroskopii optycznej, a tak\u017ce studentach i cz\u0142onkach k\u00f3\u0142 naukowych. Celem inicjatywy jest budowanie most\u00f3w wsp\u00f3\u0142pracy pomi\u0119dzy jednostkami naukowymi, wymiana informacji o najnowszych wynikach bada\u0144 oraz promocja osi\u0105gni\u0119\u0107 wroc\u0142awskich badaczy.<\/strong><\/p>\n\n\n\n<p><strong>Nasze cele obejmuj\u0105:<\/strong><\/p>\n\n\n\n<ol class=\"wp-block-list\">\n<li><strong>Wymiana Wiedzy i Do\u015bwiadcze\u0144:<\/strong><\/li>\n<\/ol>\n\n\n\n<ol class=\"wp-block-list\"><\/ol>\n\n\n\n<ul class=\"wp-block-list\">\n<li>Prezentacja najnowszych wynik\u00f3w bada\u0144 z zakresu spektroskopii optycznej.<\/li>\n\n\n\n<li>Dyskusja nad r\u00f3\u017cnorodnymi metodami badawczymi oraz dost\u0119pem do unikalnej aparatury.<\/li>\n<\/ul>\n\n\n\n<p>    <strong>2. Promowanie Interdyscyplinarnych Bada\u0144:<\/strong><\/p>\n\n\n\n<ul class=\"wp-block-list\">\n<li>Rozw\u00f3j temat\u00f3w na styku r\u00f3\u017cnych dziedzin nauki, jak nanotechnologia, biologia i medycyna.<\/li>\n<\/ul>\n\n\n\n<p>    3. <strong>Platforma Wymiany Informacji:<\/strong><\/p>\n\n\n\n<p><\/p>\n\n\n\n<ul class=\"wp-block-list\">\n<li>Informowanie o konferencjach, warsztatach, grantach i innych wydarzeniach istotnych dla \u015brodowiska naukowego.<\/li>\n<\/ul>\n\n\n\n<p>   4. <strong>Rozw\u00f3j Wsp\u00f3\u0142pracy Naukowej:<\/strong><\/p>\n\n\n\n<p><\/p>\n\n\n\n<ul class=\"wp-block-list\">\n<li>Tworzenie sprzyjaj\u0105cych warunk\u00f3w do wsp\u00f3\u0142pracy z o\u015brodkami naukowymi<br>w Polsce i za granic\u0105.<\/li>\n\n\n\n<li>Zwi\u0119kszenie widoczno\u015bci osi\u0105gni\u0119\u0107 naukowych wroc\u0142awskiego \u015brodowiska naukowego.<\/li>\n<\/ul>\n\n\n\n<p><strong>     5. Integracja:<\/strong><\/p>\n\n\n\n<ul class=\"wp-block-list\">\n<li>Budowanie spo\u0142eczno\u015bci wroc\u0142awskich spektroskopist\u00f3w,<\/li>\n\n\n\n<li>Tworzenie przestrzeni do regularnych spotka\u0144 i wymiany do\u015bwiadcze\u0144,<\/li>\n\n\n\n<li>Wzmacnianie wsp\u00f3\u0142pracy mi\u0119dzyuczelnianej,<\/li>\n\n\n\n<li>Inicjowanie wsp\u00f3lnych projekt\u00f3w i organizacja wydarze\u0144 naukowych,<\/li>\n\n\n\n<li>\u0141\u0105czenie r\u00f3\u017cnych dziedzin nauki, integracja \u015brodowisk zajmuj\u0105cych si\u0119 teoretycznymi<br>i eksperymentalnymi aspektami spektroskopii oraz dziedzinami pokrewnymi,<\/li>\n\n\n\n<li>Wsparcie dla m\u0142odych naukowc\u00f3w, tworzenie inspiruj\u0105cej atmosfery dla m\u0142odych badaczy, zach\u0119caj\u0105cej ich do aktywnego uczestnictwa w \u017cyciu naukowym.<\/li>\n<\/ul>\n\n\n\n<p><strong>Dzi\u0119ki tym inicjatywom, seminarium stanie si\u0119 kluczowym punktem dla wszystkich zainteresowanych rozwojem spektroskopii optycznej, promuj\u0105c innowacje i wsp\u00f3\u0142prac\u0119 mi\u0119dzy naukowcami na r\u00f3\u017cnych poziomach ich kariery badawczej.<\/strong><\/p>\n\n\n\n<p><\/p>\n","protected":false},"excerpt":{"rendered":"<p>Wroc\u0142awskie Seminarium Luminescencyjne, WSL zosta\u0142o stworzone z my\u015bl\u0105 o wroc\u0142awskich naukowcach, specjalistach z zakresu spektroskopii optycznej, a tak\u017ce studentach i cz\u0142onkach k\u00f3\u0142 naukowych. Celem inicjatywy jest budowanie most\u00f3w wsp\u00f3\u0142pracy pomi\u0119dzy jednostkami naukowymi, wymiana informacji o najnowszych wynikach bada\u0144 oraz promocja osi\u0105gni\u0119\u0107 wroc\u0142awskich badaczy. Nasze cele obejmuj\u0105: 2. Promowanie Interdyscyplinarnych Bada\u0144: 3. Platforma Wymiany Informacji: 4. [&hellip;]<\/p>\n","protected":false},"author":1,"featured_media":0,"parent":0,"menu_order":0,"comment_status":"closed","ping_status":"closed","template":"","meta":{"pagelayer_contact_templates":[],"_pagelayer_content":"","footnotes":""},"class_list":["post-64","page","type-page","status-publish","hentry"],"_links":{"self":[{"href":"https:\/\/seminariumwsl.pl\/index.php?rest_route=\/wp\/v2\/pages\/64","targetHints":{"allow":["GET"]}}],"collection":[{"href":"https:\/\/seminariumwsl.pl\/index.php?rest_route=\/wp\/v2\/pages"}],"about":[{"href":"https:\/\/seminariumwsl.pl\/index.php?rest_route=\/wp\/v2\/types\/page"}],"author":[{"embeddable":true,"href":"https:\/\/seminariumwsl.pl\/index.php?rest_route=\/wp\/v2\/users\/1"}],"replies":[{"embeddable":true,"href":"https:\/\/seminariumwsl.pl\/index.php?rest_route=%2Fwp%2Fv2%2Fcomments&post=64"}],"version-history":[{"count":3,"href":"https:\/\/seminariumwsl.pl\/index.php?rest_route=\/wp\/v2\/pages\/64\/revisions"}],"predecessor-version":[{"id":136,"href":"https:\/\/seminariumwsl.pl\/index.php?rest_route=\/wp\/v2\/pages\/64\/revisions\/136"}],"wp:attachment":[{"href":"https:\/\/seminariumwsl.pl\/index.php?rest_route=%2Fwp%2Fv2%2Fmedia&parent=64"}],"curies":[{"name":"wp","href":"https:\/\/api.w.org\/{rel}","templated":true}]}}